{"id":8548,"date":"2020-11-22T00:18:27","date_gmt":"2020-11-21T22:18:27","guid":{"rendered":"https:\/\/natural-medicine-practice-elena.nl\/?page_id=8548"},"modified":"2021-12-14T14:49:20","modified_gmt":"2021-12-14T12:49:20","slug":"behandelovereenkomst","status":"publish","type":"page","link":"https:\/\/natural-medicine-practice-elena.nl\/nl\/behandelovereenkomst\/","title":{"rendered":"Behandelovereenkomst"},"content":{"rendered":"\t\t<div data-elementor-type=\"wp-page\" data-elementor-id=\"8548\" class=\"elementor elementor-8548\" data-elementor-post-type=\"page\">\n\t\t\t\t\t\t<section class=\"elementor-section elementor-top-section elementor-element elementor-element-33aa3527 elementor-section-boxed elementor-section-height-default elementor-section-height-default\" data-id=\"33aa3527\" data-element_type=\"section\" data-e-type=\"section\">\n\t\t\t\t\t\t<div class=\"elementor-container elementor-column-gap-default\">\n\t\t\t\t\t<div class=\"elementor-column elementor-col-100 elementor-top-column elementor-element elementor-element-547e8091\" data-id=\"547e8091\" data-element_type=\"column\" data-e-type=\"column\">\n\t\t\t<div class=\"elementor-widget-wrap elementor-element-populated\">\n\t\t\t\t\t\t<div class=\"elementor-element elementor-element-7d3aba63 elementor-widget elementor-widget-text-editor\" data-id=\"7d3aba63\" data-element_type=\"widget\" data-e-type=\"widget\" data-widget_type=\"text-editor.default\">\n\t\t\t\t<div class=\"elementor-widget-container\">\n\t\t\t\t\t\t\t\t\t<p><\/p>\n<ul class=\"wp-block-list\">\n<li>De rechten en plichten van cli\u00ebnt en hulpverlener zijn onder meer vastgelegd<\/li>\n<li>in de Wet op de Geneeskundige Behandelingsovereenkomst (WGBO) ende Wet kwaliteit, klachten en geschillen zorg (Wkkgz).<\/li>\n<\/ul>\n<p><\/p>\n<ul class=\"wp-block-list\">\n<li>De cli\u00ebnt geeft Natural Medicine Practice Elena naar beste weten de inlichtingen en medewerking die Natural Medicine Practice Elena nodig heeft voor het uitvoeren van de behandeling. Bij de uitvoering laat Natural Medicine Practice Elena zich leiden door hetgeen de cli\u00ebnt&nbsp; redelijkerwijs behoort of kan weten ten aanzien van zijn\/haar klachten en de behandelwijze<\/li>\n<\/ul>\n<p><\/p>\n<ul class=\"wp-block-list\">\n<li>&nbsp; Voor het verminderen van de hoofdklacht en de daarmee verband houdende klachten<\/li>\n<\/ul>\n<p><\/p>\n<ul class=\"wp-block-list\">\n<li>Klachten die eventueel in de loop van het behandeltraject naar voren komen.<\/li>\n<\/ul>\n<p><\/p>\n<ul class=\"wp-block-list\">\n<li>Natural Medicine practice Elena heeft de cli\u00ebnt in het kader van de behandeling, op duidelijke wijze en desgevraagd schriftelijk, ingelicht over de voorgestelde behandeling en werkvormen, de tarieven en over de ontwikkelingen omtrent de behandeling en de gezondheidstoestand van de cli\u00ebnt.<\/li>\n<\/ul>\n<p><\/p>\n<ul class=\"wp-block-list\">\n<li>Natural Medicine practice Elena houdt een cli\u00ebntdossier bij en handelt hierbij overeenkomstig met de AVG. De cli\u00ebnt kan een kopie opvragen en kan ook vernietiging eisen waaraan Natural Medicine practice Elena wettelijk verplicht is mee te werken, tenzij er sprake is van een wettelijke aanwijsbare reden of indien de persoonsgegevens essentieel zijn voor de zorg van een andere cli\u00ebnt in verband met erfelijke ziektes of vanwege een andere medisch aanwijsbare oorzaak.<\/li>\n<li>Het dossier wordt conform de wettelijke bewaartermijn in totaal 20 jaar bewaard.<\/li>\n<\/ul>\n<p><\/p>\n<ul class=\"wp-block-list\">\n<li>&nbsp;Voor een voortgangs- of eindrapportage aan mijn huisarts of behandelend specialist.<\/li>\n<\/ul>\n<p><\/p>\n<ul class=\"wp-block-list\">\n<li>Voor overleg met collega\u2019s door de behandelaar, indien deze dat noodzakelijk acht<\/li>\n<\/ul>\n<p><\/p>\n<ul class=\"wp-block-list\">\n<li>Natural Medicine practice Elena moet bij haar werkzaamheden de zorg van een goed zorgverlener in acht te nemen en handelt daarbij in overeenstemming met de op haar rustende verantwoordelijkheid, voortvloeiende uit de voor de zorgverlener geldende professionele standaard. Indien noodzakelijk verwijst Natural Medicine Practice Elena door naar een arts\/specialist, ook als de behandeling door Navita niet meer kan plaatsvinden als gevolg van ziekte, aandoening of overlijden.<\/li>\n<li>Be\u00ebindiging van de behandeling kan te allen tijde met wederzijds goedvinden plaatsvinden. Eenzijdige be\u00ebindiging door de cli\u00ebnt mag plaatsvinden indien de cli\u00ebnt de behandeling niet langer op prijst stelt of nodig acht. Als dit gebeurt tegen het advies van Natural Medicine practice Elena, is het risico voor de cli\u00ebnt en is dan bereid een verklaring te tekenen waarop cli\u00ebnt erkent dat de behandeling zonder goedkeuring van Natural Medicine practice Elena be\u00ebindigt. De behandeling door Navita kan eenzijdig worden be\u00ebindigd als redelijkerwijs niet van haar kan worden verwacht dat zij de behandeling voortzet. De cli\u00ebnt op de hoogte is van de klachtenprocedure en zich voor klachten kan wenden tot de geschilleninstantie<\/li>\n<\/ul>\n<p><\/p>\n<ul class=\"wp-block-list\">\n<li>&nbsp; De geboden behandeling aanvullend is op de reguliere geneeskunde.<\/li>\n<\/ul>\n<p><\/p>\n<ul class=\"wp-block-list\">\n<li>Betalingswijze van de behandelingen is overmaken na ontvangst van de factuur binnen 14 dagen na de behandeling.<\/li>\n<\/ul>\n<p><\/p>\n<ul class=\"wp-block-list\">\n<li>Een afspraak moet tijdig (minimaal 24 uur van tevoren) af te zeggen, anders kunnen de kosten van de gereserveerde tijd in rekening worden gebracht.<\/li>\n<\/ul>\n<p><\/p>\n<ul class=\"wp-block-list\">\n<li>Indien de cli\u00ebnt ontevreden is over de behandeling of bejegening geldt de klacht- en tuchtregeling van de MBOG en\/of CAT.<\/li>\n<\/ul>\n<p><\/p>\n<ul class=\"wp-block-list\">\n<li>Als de cli\u00ebnt jonger is dan 16 jaar, is er toestemming voor de behandeling moet gegeven worden.<\/li>\n<\/ul>\n<ul>\n<li>Naam therapeut:&nbsp;&nbsp;&nbsp;&nbsp;&nbsp;&nbsp;&nbsp;&nbsp;&nbsp; Drs. Elena Karnaukhova<\/li>\n<li>Praktijk AGB-code:&nbsp;&nbsp; 90062273;&nbsp; &nbsp; &nbsp; Persoonlijk AGB-code: 90102877<\/li>\n<\/ul>\n<p><\/p>\t\t\t\t\t\t\t\t<\/div>\n\t\t\t\t<\/div>\n\t\t\t\t\t<\/div>\n\t\t<\/div>\n\t\t\t\t\t<\/div>\n\t\t<\/section>\n\t\t\t\t<\/div>\n\t\t","protected":false},"excerpt":{"rendered":"<p>De rechten en plichten van cli\u00ebnt en hulpverlener zijn onder meer vastgelegd in de Wet op de Geneeskundige Behandelingsovereenkomst (WGBO) ende Wet kwaliteit, klachten en geschillen zorg (Wkkgz). De cli\u00ebnt geeft Natural Medicine Practice Elena naar beste weten de inlichtingen en medewerking die Natural Medicine Practice Elena nodig heeft voor het uitvoeren van de behandeling. [&hellip;]<\/p>\n","protected":false},"author":2,"featured_media":0,"parent":0,"menu_order":0,"comment_status":"open","ping_status":"closed","template":"","meta":{"rop_custom_images_group":[],"rop_custom_messages_group":[],"rop_publish_now":"initial","rop_publish_now_accounts":[],"rop_publish_now_history":[],"rop_publish_now_status":"pending","site-sidebar-layout":"default","site-content-layout":"default","ast-site-content-layout":"default","site-content-style":"default","site-sidebar-style":"default","ast-global-header-display":"","ast-banner-title-visibility":"","ast-main-header-display":"","ast-hfb-above-header-display":"","ast-hfb-below-header-display":"","ast-hfb-mobile-header-display":"","site-post-title":"","ast-breadcrumbs-content":"","ast-featured-img":"","footer-sml-layout":"","ast-disable-related-posts":"","theme-transparent-header-meta":"default","adv-header-id-meta":"","stick-header-meta":"","header-above-stick-meta":"","header-main-stick-meta":"","header-below-stick-meta":"","astra-migrate-meta-layouts":"default","ast-page-background-enabled":"default","ast-page-background-meta":{"desktop":{"background-color":"","background-image":"","background-repeat":"repeat","background-position":"center center","background-size":"auto","background-attachment":"scroll","background-type":"","background-media":"","overlay-type":"","overlay-color":"","overlay-opacity":"","overlay-gradient":""},"tablet":{"background-color":"","background-image":"","background-repeat":"repeat","background-position":"center center","background-size":"auto","background-attachment":"scroll","background-type":"","background-media":"","overlay-type":"","overlay-color":"","overlay-opacity":"","overlay-gradient":""},"mobile":{"background-color":"","background-image":"","background-repeat":"repeat","background-position":"center center","background-size":"auto","background-attachment":"scroll","background-type":"","background-media":"","overlay-type":"","overlay-color":"","overlay-opacity":"","overlay-gradient":""}},"ast-content-background-meta":{"desktop":{"background-color":"var(--ast-global-color-5)","background-image":"","background-repeat":"repeat","background-position":"center center","background-size":"auto","background-attachment":"scroll","background-type":"","background-media":"","overlay-type":"","overlay-color":"","overlay-opacity":"","overlay-gradient":""},"tablet":{"background-color":"var(--ast-global-color-5)","background-image":"","background-repeat":"repeat","background-position":"center center","background-size":"auto","background-attachment":"scroll","background-type":"","background-media":"","overlay-type":"","overlay-color":"","overlay-opacity":"","overlay-gradient":""},"mobile":{"background-color":"var(--ast-global-color-5)","background-image":"","background-repeat":"repeat","background-position":"center center","background-size":"auto","background-attachment":"scroll","background-type":"","background-media":"","overlay-type":"","overlay-color":"","overlay-opacity":"","overlay-gradient":""}},"footnotes":""},"class_list":["post-8548","page","type-page","status-publish","hentry"],"yoast_head":"<!-- This site is optimized with the Yoast SEO Premium plugin v27.3 (Yoast SEO v27.4) - https:\/\/yoast.com\/product\/yoast-seo-premium-wordpress\/ -->\n<title>Behandelovereenkomst - Natural Medicine Practice Elena<\/title>\n<meta name=\"robots\" content=\"index, follow, max-snippet:-1, max-image-preview:large, max-video-preview:-1\" \/>\n<link rel=\"canonical\" href=\"https:\/\/natural-medicine-practice-elena.nl\/nl\/behandelovereenkomst\/\" \/>\n<meta property=\"og:locale\" content=\"nl_NL\" \/>\n<meta property=\"og:type\" content=\"article\" \/>\n<meta property=\"og:title\" content=\"Behandelovereenkomst\" \/>\n<meta property=\"og:description\" content=\"De rechten en plichten van cli\u00ebnt en hulpverlener zijn onder meer vastgelegd in de Wet op de Geneeskundige Behandelingsovereenkomst (WGBO) ende Wet kwaliteit, klachten en geschillen zorg (Wkkgz). De cli\u00ebnt geeft Natural Medicine Practice Elena naar beste weten de inlichtingen en medewerking die Natural Medicine Practice Elena nodig heeft voor het uitvoeren van de behandeling. [&hellip;]\" \/>\n<meta property=\"og:url\" content=\"https:\/\/natural-medicine-practice-elena.nl\/nl\/behandelovereenkomst\/\" \/>\n<meta property=\"og:site_name\" content=\"Natural Medicine Practice Elena\" \/>\n<meta property=\"article:publisher\" content=\"https:\/\/www.facebook.com\/SlimlineLimburg\" \/>\n<meta property=\"article:modified_time\" content=\"2021-12-14T12:49:20+00:00\" \/>\n<meta name=\"twitter:card\" content=\"summary_large_image\" \/>\n<meta name=\"twitter:label1\" content=\"Geschatte leestijd\" \/>\n\t<meta name=\"twitter:data1\" content=\"3 minuten\" \/>\n<script type=\"application\/ld+json\" class=\"yoast-schema-graph\">{\"@context\":\"https:\\\/\\\/schema.org\",\"@graph\":[{\"@type\":\"WebPage\",\"@id\":\"https:\\\/\\\/natural-medicine-practice-elena.nl\\\/behandelovereenkomst\\\/\",\"url\":\"https:\\\/\\\/natural-medicine-practice-elena.nl\\\/behandelovereenkomst\\\/\",\"name\":\"Behandelovereenkomst - Natural Medicine Practice Elena\",\"isPartOf\":{\"@id\":\"https:\\\/\\\/natural-medicine-practice-elena.nl\\\/#website\"},\"datePublished\":\"2020-11-21T22:18:27+00:00\",\"dateModified\":\"2021-12-14T12:49:20+00:00\",\"breadcrumb\":{\"@id\":\"https:\\\/\\\/natural-medicine-practice-elena.nl\\\/behandelovereenkomst\\\/#breadcrumb\"},\"inLanguage\":\"nl-NL\",\"potentialAction\":[{\"@type\":\"ReadAction\",\"target\":[\"https:\\\/\\\/natural-medicine-practice-elena.nl\\\/behandelovereenkomst\\\/\"]}]},{\"@type\":\"BreadcrumbList\",\"@id\":\"https:\\\/\\\/natural-medicine-practice-elena.nl\\\/behandelovereenkomst\\\/#breadcrumb\",\"itemListElement\":[{\"@type\":\"ListItem\",\"position\":1,\"name\":\"Home\",\"item\":\"https:\\\/\\\/natural-medicine-practice-elena.nl\\\/\"},{\"@type\":\"ListItem\",\"position\":2,\"name\":\"Behandelovereenkomst\"}]},{\"@type\":\"WebSite\",\"@id\":\"https:\\\/\\\/natural-medicine-practice-elena.nl\\\/#website\",\"url\":\"https:\\\/\\\/natural-medicine-practice-elena.nl\\\/\",\"name\":\"Natural Medicine Practice Elena\",\"description\":\"Holistic Healing Without Medication\",\"publisher\":{\"@id\":\"https:\\\/\\\/natural-medicine-practice-elena.nl\\\/#organization\"},\"potentialAction\":[{\"@type\":\"SearchAction\",\"target\":{\"@type\":\"EntryPoint\",\"urlTemplate\":\"https:\\\/\\\/natural-medicine-practice-elena.nl\\\/?s={search_term_string}\"},\"query-input\":{\"@type\":\"PropertyValueSpecification\",\"valueRequired\":true,\"valueName\":\"search_term_string\"}}],\"inLanguage\":\"nl-NL\"},{\"@type\":\"Organization\",\"@id\":\"https:\\\/\\\/natural-medicine-practice-elena.nl\\\/#organization\",\"name\":\"Natural Medicine Practice Elena\",\"url\":\"https:\\\/\\\/natural-medicine-practice-elena.nl\\\/\",\"logo\":{\"@type\":\"ImageObject\",\"inLanguage\":\"nl-NL\",\"@id\":\"https:\\\/\\\/natural-medicine-practice-elena.nl\\\/#\\\/schema\\\/logo\\\/image\\\/\",\"url\":\"https:\\\/\\\/natural-medicine-practice-elena.nl\\\/wp-content\\\/uploads\\\/2020\\\/09\\\/logo-1.png\",\"contentUrl\":\"https:\\\/\\\/natural-medicine-practice-elena.nl\\\/wp-content\\\/uploads\\\/2020\\\/09\\\/logo-1.png\",\"width\":1235,\"height\":421,\"caption\":\"Natural Medicine Practice Elena\"},\"image\":{\"@id\":\"https:\\\/\\\/natural-medicine-practice-elena.nl\\\/#\\\/schema\\\/logo\\\/image\\\/\"},\"sameAs\":[\"https:\\\/\\\/www.facebook.com\\\/SlimlineLimburg\"]}]}<\/script>\n<!-- \/ Yoast SEO Premium plugin. -->","yoast_head_json":{"title":"Behandelovereenkomst - Natural Medicine Practice Elena","robots":{"index":"index","follow":"follow","max-snippet":"max-snippet:-1","max-image-preview":"max-image-preview:large","max-video-preview":"max-video-preview:-1"},"canonical":"https:\/\/natural-medicine-practice-elena.nl\/nl\/behandelovereenkomst\/","og_locale":"nl_NL","og_type":"article","og_title":"Behandelovereenkomst","og_description":"De rechten en plichten van cli\u00ebnt en hulpverlener zijn onder meer vastgelegd in de Wet op de Geneeskundige Behandelingsovereenkomst (WGBO) ende Wet kwaliteit, klachten en geschillen zorg (Wkkgz). De cli\u00ebnt geeft Natural Medicine Practice Elena naar beste weten de inlichtingen en medewerking die Natural Medicine Practice Elena nodig heeft voor het uitvoeren van de behandeling. [&hellip;]","og_url":"https:\/\/natural-medicine-practice-elena.nl\/nl\/behandelovereenkomst\/","og_site_name":"Natural Medicine Practice Elena","article_publisher":"https:\/\/www.facebook.com\/SlimlineLimburg","article_modified_time":"2021-12-14T12:49:20+00:00","twitter_card":"summary_large_image","twitter_misc":{"Geschatte leestijd":"3 minuten"},"schema":{"@context":"https:\/\/schema.org","@graph":[{"@type":"WebPage","@id":"https:\/\/natural-medicine-practice-elena.nl\/behandelovereenkomst\/","url":"https:\/\/natural-medicine-practice-elena.nl\/behandelovereenkomst\/","name":"Behandelovereenkomst - Natural Medicine Practice Elena","isPartOf":{"@id":"https:\/\/natural-medicine-practice-elena.nl\/#website"},"datePublished":"2020-11-21T22:18:27+00:00","dateModified":"2021-12-14T12:49:20+00:00","breadcrumb":{"@id":"https:\/\/natural-medicine-practice-elena.nl\/behandelovereenkomst\/#breadcrumb"},"inLanguage":"nl-NL","potentialAction":[{"@type":"ReadAction","target":["https:\/\/natural-medicine-practice-elena.nl\/behandelovereenkomst\/"]}]},{"@type":"BreadcrumbList","@id":"https:\/\/natural-medicine-practice-elena.nl\/behandelovereenkomst\/#breadcrumb","itemListElement":[{"@type":"ListItem","position":1,"name":"Home","item":"https:\/\/natural-medicine-practice-elena.nl\/"},{"@type":"ListItem","position":2,"name":"Behandelovereenkomst"}]},{"@type":"WebSite","@id":"https:\/\/natural-medicine-practice-elena.nl\/#website","url":"https:\/\/natural-medicine-practice-elena.nl\/","name":"Natural Medicine Practice Elena","description":"Holistic Healing Without Medication","publisher":{"@id":"https:\/\/natural-medicine-practice-elena.nl\/#organization"},"potentialAction":[{"@type":"SearchAction","target":{"@type":"EntryPoint","urlTemplate":"https:\/\/natural-medicine-practice-elena.nl\/?s={search_term_string}"},"query-input":{"@type":"PropertyValueSpecification","valueRequired":true,"valueName":"search_term_string"}}],"inLanguage":"nl-NL"},{"@type":"Organization","@id":"https:\/\/natural-medicine-practice-elena.nl\/#organization","name":"Natural Medicine Practice Elena","url":"https:\/\/natural-medicine-practice-elena.nl\/","logo":{"@type":"ImageObject","inLanguage":"nl-NL","@id":"https:\/\/natural-medicine-practice-elena.nl\/#\/schema\/logo\/image\/","url":"https:\/\/natural-medicine-practice-elena.nl\/wp-content\/uploads\/2020\/09\/logo-1.png","contentUrl":"https:\/\/natural-medicine-practice-elena.nl\/wp-content\/uploads\/2020\/09\/logo-1.png","width":1235,"height":421,"caption":"Natural Medicine Practice Elena"},"image":{"@id":"https:\/\/natural-medicine-practice-elena.nl\/#\/schema\/logo\/image\/"},"sameAs":["https:\/\/www.facebook.com\/SlimlineLimburg"]}]}},"_links":{"self":[{"href":"https:\/\/natural-medicine-practice-elena.nl\/nl\/wp-json\/wp\/v2\/pages\/8548","targetHints":{"allow":["GET"]}}],"collection":[{"href":"https:\/\/natural-medicine-practice-elena.nl\/nl\/wp-json\/wp\/v2\/pages"}],"about":[{"href":"https:\/\/natural-medicine-practice-elena.nl\/nl\/wp-json\/wp\/v2\/types\/page"}],"author":[{"embeddable":true,"href":"https:\/\/natural-medicine-practice-elena.nl\/nl\/wp-json\/wp\/v2\/users\/2"}],"replies":[{"embeddable":true,"href":"https:\/\/natural-medicine-practice-elena.nl\/nl\/wp-json\/wp\/v2\/comments?post=8548"}],"version-history":[{"count":12,"href":"https:\/\/natural-medicine-practice-elena.nl\/nl\/wp-json\/wp\/v2\/pages\/8548\/revisions"}],"predecessor-version":[{"id":8723,"href":"https:\/\/natural-medicine-practice-elena.nl\/nl\/wp-json\/wp\/v2\/pages\/8548\/revisions\/8723"}],"wp:attachment":[{"href":"https:\/\/natural-medicine-practice-elena.nl\/nl\/wp-json\/wp\/v2\/media?parent=8548"}],"curies":[{"name":"wp","href":"https:\/\/api.w.org\/{rel}","templated":true}]}}